{"id":259,"date":"2020-05-14T19:56:58","date_gmt":"2020-05-14T19:56:58","guid":{"rendered":"https:\/\/demos.kadencewp.com\/blocks-saas\/?page_id=259"},"modified":"2021-02-14T15:41:16","modified_gmt":"2021-02-14T18:41:16","slug":"quienes-somos","status":"publish","type":"page","link":"https:\/\/www.estudiogomeznieto.com.ar\/site\/quienes-somos\/","title":{"rendered":"Quienes somos"},"content":{"rendered":"<style id=\"kt-blocks_f6fd72-86\">#kt-layout-id_f6fd72-86 > .kt-row-column-wrap{padding-top:80px;padding-bottom:120px;padding-left:25px;padding-right:25px;min-height:500px;}#kt-layout-id_f6fd72-86 > .kt-row-layout-overlay{opacity:1;background-image:linear-gradient(90deg, var(--global-palette1, #3182CE) 12%, var(--global-palette2, #2B6CB0) 100%);}<\/style>\n<div class=\"wp-block-kadence-rowlayout alignnone\"><div id=\"kt-layout-id_f6fd72-86\" class=\"kt-row-layout-inner kt-row-has-bg kt-layout-id_f6fd72-86\"><div class=\"kt-row-layout-overlay kt-row-overlay-gradient\"><\/div><div class=\"kt-row-column-wrap kt-has-1-columns kt-gutter-default kt-v-gutter-default kt-row-valign-middle kt-row-layout-equal kt-tab-layout-inherit kt-m-colapse-left-to-right kt-mobile-layout-row\">\n<div class=\"wp-block-kadence-column inner-column-1 kadence-column_cdd288-3f\"><div class=\"kt-inside-inner-col\"><style id=\"kt-blocks_0ea215-0f\">#kt-adv-heading_0ea215-0f, #kt-adv-heading_0ea215-0f .wp-block-kadence-advancedheading, .wp-block-kadence-advancedheading.kt-adv-heading_0ea215-0f[data-kb-block=\"kb-adv-heading_0ea215-0f\"], .kadence-advanced-heading-wrapper .kt-adv-heading_0ea215-0f[data-kb-block=\"kb-adv-heading_0ea215-0f\"]{text-align:center;font-size:60px;font-weight:700;font-family:Montserrat;color:#ffffff;text-shadow:1px 1px 1px rgba(0, 0, 0, 0.2);}#kt-adv-heading_0ea215-0f mark, #kt-adv-heading_0ea215-0f .wp-block-kadence-advancedheading mark, .kt-adv-heading_0ea215-0f[data-kb-block=\"kb-adv-heading_0ea215-0f\"] mark{padding:0px 0px 0px 0px;}@media all and (max-width: 1024px){#kt-adv-heading_0ea215-0f, #kt-adv-heading_0ea215-0f .wp-block-kadence-advancedheading, .wp-block-kadence-advancedheading.kt-adv-heading_0ea215-0f[data-kb-block=\"kb-adv-heading_0ea215-0f\"], .kadence-advanced-heading-wrapper .kt-adv-heading_0ea215-0f[data-kb-block=\"kb-adv-heading_0ea215-0f\"]{font-size:50px;}}@media all and (max-width: 767px){#kt-adv-heading_0ea215-0f, #kt-adv-heading_0ea215-0f .wp-block-kadence-advancedheading, .wp-block-kadence-advancedheading.kt-adv-heading_0ea215-0f[data-kb-block=\"kb-adv-heading_0ea215-0f\"], .kadence-advanced-heading-wrapper .kt-adv-heading_0ea215-0f[data-kb-block=\"kb-adv-heading_0ea215-0f\"]{font-size:40px;}}<\/style>\n<h1 class=\"kt-adv-heading_0ea215-0f wp-block-kadence-advancedheading\" data-kb-block=\"kb-adv-heading_0ea215-0f\">Quienes somos<\/h1>\n<\/div><\/div>\n<\/div><div class=\"kt-row-layout-bottom-sep kt-row-sep-type-mtns\"><svg style=\"fill:var(--global-palette9)\" viewbox=\"0 0 1000 100\" preserveaspectratio=\"none\"><path d=\"M1000,50l-182.69,-45.286l-292.031,61.197l-190.875,-41.075l-143.748,28.794l-190.656,-23.63l0,70l1000,0l0,-50Z\" style=\"opacity:0.4\"><\/path><path d=\"M1000,57l-152.781,-22.589l-214.383,19.81l-159.318,-21.471l-177.44,25.875l-192.722,5.627l-103.356,-27.275l0,63.023l1000,0l0,-43Z\"><\/path><\/svg><\/div><\/div><\/div>\n\n\n<style id=\"kt-blocks_ec6737-52\">#kt-layout-id_ec6737-52{margin-top:-200px;}#kt-layout-id_ec6737-52 > .kt-row-column-wrap{padding-top:60px;padding-bottom:20px;padding-left:25px;padding-right:25px;max-width:1000px;margin-left:auto;margin-right:auto;}<\/style>\n<div class=\"wp-block-kadence-rowlayout alignnone\"><div id=\"kt-layout-id_ec6737-52\" class=\"kt-row-layout-inner kt-layout-id_ec6737-52\"><div class=\"kt-row-column-wrap kt-has-1-columns kt-gutter-default kt-v-gutter-default kt-row-valign-top kt-row-layout-equal kt-tab-layout-inherit kt-m-colapse-left-to-right kt-mobile-layout-row\"><style id=\"kt-blocks_01039b-14\">.kt-row-layout-inner > .kt-row-column-wrap > .kadence-column_01039b-14 > .kt-inside-inner-col{padding-top:50px;padding-bottom:30px;padding-left:40px;padding-right:40px;margin-top:-50px;border-top-left-radius:10px;border-top-right-radius:10px;border-bottom-right-radius:10px;border-bottom-left-radius:10px;box-shadow:0px -60px 30px 0px rgba(0, 0, 0, 0.07);}.kt-row-layout-inner > .kt-row-column-wrap > .kadence-column_01039b-14 > .kt-inside-inner-col{background-color:var(--global-palette9, #ffffff);}<\/style>\n<div class=\"wp-block-kadence-column inner-column-1 kadence-column_01039b-14\"><div class=\"kt-inside-inner-col\" style=\"background:var(--global-palette9)\"><style id=\"kt-blocks_4b3ebc-df\">#kt-adv-heading_4b3ebc-df, #kt-adv-heading_4b3ebc-df .wp-block-kadence-advancedheading, .wp-block-kadence-advancedheading.kt-adv-heading_4b3ebc-df[data-kb-block=\"kb-adv-heading_4b3ebc-df\"], .kadence-advanced-heading-wrapper .kt-adv-heading_4b3ebc-df[data-kb-block=\"kb-adv-heading_4b3ebc-df\"]{font-size:36px;font-weight:700;font-family:Montserrat;}#kt-adv-heading_4b3ebc-df mark, #kt-adv-heading_4b3ebc-df .wp-block-kadence-advancedheading mark, .kt-adv-heading_4b3ebc-df[data-kb-block=\"kb-adv-heading_4b3ebc-df\"] mark{color:var(--global-palette1, #3182CE);padding:0px 0px 0px 0px;}<\/style>\n<h2 class=\"kt-adv-heading_4b3ebc-df wp-block-kadence-advancedheading has-theme-palette-4-color\" data-kb-block=\"kb-adv-heading_4b3ebc-df\">Un equipo con m\u00e1s de 40 a\u00f1os de experiencia<\/h2>\n\n\n\n<p><strong>Gomez Nieto Consultores Asociados<\/strong> es un Equipo de Trabajo que ha participado del negocio de la Obra P\u00fablica tanto desde el \u00e1mbito p\u00fablico como desde el privado, habiendo intervenido en calidad de funcionarios en el \u00e1rea Contrataciones en entidades estatales, como Consultores en Empresas del Estado y como Consultores de empresas Privadas; en forma alternada e ininterrumpida durante los \u00faltimos 40 a\u00f1os.<\/p>\n\n\n\n<p>Este Equipo ha desarrollado los sitios de Internet ObraPublica.com y Construar.com.ar por lo que tiene dominio pleno de las gestiones on-line y cuenta con conocimientos t\u00e9cnicos en inform\u00e1tica y servidores propios que garantizan una gesti\u00f3n sumamente eficiente.<\/p>\n\n\n\n<p>Este Equipo act\u00faa como un cuerpo unificado, donde se abordan las tem\u00e1ticas de las Empresas Clientes desde las distintas perspectivas que otorgan la especialidad profesional de sus integrantes y garantiza simult\u00e1neamente la continuidad del servicio, generando certidumbre a una materia incierta.<\/p>\n<\/div><\/div>\n<\/div><\/div><\/div>\n\n\n<style id=\"kt-blocks_6f8070-e8\">#kt-layout-id_6f8070-e8 .kt-row-layout-bottom-sep{height:120px;}#kt-layout-id_6f8070-e8 .kt-row-layout-top-sep{height:120px;}#kt-layout-id_6f8070-e8 .kt-row-layout-top-sep svg{width:100%;}#kt-layout-id_6f8070-e8 > .kt-row-column-wrap{padding-top:60px;padding-bottom:100px;padding-left:25px;padding-right:25px;max-width:1200px;margin-left:auto;margin-right:auto;}<\/style>\n<div class=\"wp-block-kadence-rowlayout alignnone\"><div id=\"kt-layout-id_6f8070-e8\" class=\"kt-row-layout-inner kt-row-has-bg kt-layout-id_6f8070-e8 has-theme-palette-8-background-color\"><div class=\"kt-row-column-wrap kt-has-1-columns kt-gutter-default kt-v-gutter-default kt-row-valign-top kt-row-layout-equal kt-tab-layout-inherit kt-m-colapse-left-to-right kt-mobile-layout-row\">\n<div class=\"wp-block-kadence-column inner-column-1 kadence-column_3d152a-94\"><div class=\"kt-inside-inner-col\"><style id=\"kt-blocks_cc37f1-f6\">#kt-adv-heading_cc37f1-f6, #kt-adv-heading_cc37f1-f6 .wp-block-kadence-advancedheading, .wp-block-kadence-advancedheading.kt-adv-heading_cc37f1-f6[data-kb-block=\"kb-adv-heading_cc37f1-f6\"], .kadence-advanced-heading-wrapper .kt-adv-heading_cc37f1-f6[data-kb-block=\"kb-adv-heading_cc37f1-f6\"]{text-align:center;font-size:36px;font-weight:700;font-family:Montserrat;}#kt-adv-heading_cc37f1-f6 mark, #kt-adv-heading_cc37f1-f6 .wp-block-kadence-advancedheading mark, .kt-adv-heading_cc37f1-f6[data-kb-block=\"kb-adv-heading_cc37f1-f6\"] mark{color:#1f8efa;padding:0px 0px 0px 0px;}<\/style>\n<h2 class=\"kt-adv-heading_cc37f1-f6 wp-block-kadence-advancedheading has-theme-palette-4-color\" data-kb-block=\"kb-adv-heading_cc37f1-f6\">Socios<\/h2>\n\n\n<style id=\"kt-blocks_3c0e61-e8\">#kt-layout-id_3c0e61-e8 > .kt-row-column-wrap{padding-top:40px;padding-bottom:0px;padding-left:0px;padding-right:0px;max-width:1000px;margin-left:auto;margin-right:auto;}<\/style>\n<div class=\"wp-block-kadence-rowlayout alignnone\"><div id=\"kt-layout-id_3c0e61-e8\" class=\"kt-row-layout-inner kt-layout-id_3c0e61-e8\"><div class=\"kt-row-column-wrap kt-has-2-columns kt-gutter-default kt-v-gutter-default kt-row-valign-top kt-row-layout-equal kt-tab-layout-inherit kt-m-colapse-left-to-right kt-mobile-layout-row\">\n<div class=\"wp-block-kadence-column inner-column-1 kadence-column_5a97c0-d8\"><div class=\"kt-inside-inner-col\"><style id=\"kt-blocks_8d8d8a-e3\">#kt-info-box_8d8d8a-e3 .kt-blocks-info-box-link-wrap{border-color:rgba(255, 255, 255, 0);border-radius:20px;background:var(--global-palette9, #ffffff);padding-top:24px;padding-right:24px;padding-bottom:24px;padding-left:24px;border-top-width:5px;border-right-width:5px;border-bottom-width:5px;border-left-width:5px;}#kt-info-box_8d8d8a-e3 .kt-blocks-info-box-link-wrap:hover{border-color:rgba(255, 255, 255, 0);background:var(--global-palette9, #ffffff);}#kt-info-box_8d8d8a-e3 .kt-info-svg-icon, #kt-info-box_8d8d8a-e3 .kt-info-svg-icon-flip, #kt-info-box_8d8d8a-e3 .kt-blocks-info-box-number{font-size:50px;}#kt-info-box_8d8d8a-e3 .kt-blocks-info-box-media{color:#444444;background:#ffffff;border-color:#eeeeee;border-radius:200px;border-top-width:0px;border-right-width:0px;border-bottom-width:0px;border-left-width:0px;padding-top:0px;padding-right:0px;padding-bottom:0px;padding-left:0px;margin-top:0px;margin-right:20px;margin-bottom:0px;margin-left:0px;}#kt-info-box_8d8d8a-e3 .kt-blocks-info-box-media .kadence-info-box-image-intrisic:not(.kb-info-box-image-ratio) img{border-radius:200px;}#kt-info-box_8d8d8a-e3 .kt-blocks-info-box-link-wrap:hover .kt-blocks-info-box-media{color:#444444;background:#ffffff;border-color:#eeeeee;}#kt-info-box_8d8d8a-e3 .kt-blocks-info-box-title{color:var(--global-palette5, #4A5568);font-family:Montserrat;font-style:normal;font-weight:700;padding-top:0px;padding-right:0px;padding-bottom:0px;padding-left:0px;margin-top:5px;margin-right:0px;margin-bottom:10px;margin-left:0px;}#kt-info-box_8d8d8a-e3 .kt-blocks-info-box-link-wrap:hover .kt-blocks-info-box-title{color:var(--global-palette5, #4A5568);}#kt-info-box_8d8d8a-e3 .kt-blocks-info-box-text{color:var(--global-palette6, #718096);font-size:16px;font-family:'Open Sans';font-style:normal;font-weight:400;}#kt-info-box_8d8d8a-e3 .kt-blocks-info-box-link-wrap:hover .kt-blocks-info-box-text{color:var(--global-palette6, #718096);}#kt-info-box_8d8d8a-e3 .kt-blocks-info-box-learnmore{background:transparent;border-color:#555555;border-width:0px 0px 0px 0px;padding:4px 8px 4px 8px;margin:10px 0px 10px 0px;}#kt-info-box_8d8d8a-e3 .kt-blocks-info-box-link-wrap:hover .kt-blocks-info-box-learnmore{color:#ffffff;background:#444444;border-color:#444444;}#kt-info-box_8d8d8a-e3 .kt-blocks-info-box-link-wrap{box-shadow:0px 0px 30px 0px rgba(0, 0, 0, 0.05);}#kt-info-box_8d8d8a-e3 .kt-blocks-info-box-link-wrap:hover{box-shadow:0px 0px 30px 0px rgba(0, 0, 0, 0.11);}<\/style>\n<div id=\"kt-info-box_8d8d8a-e3\" class=\"wp-block-kadence-infobox\"><a class=\"kt-blocks-info-box-link-wrap info-box-link kt-blocks-info-box-media-align-left kt-info-halign-left\"><div class=\"kt-infobox-textcontent\"><h2 class=\"kt-blocks-info-box-title\">Ing. Miguel Gomez Nieto<\/h2><p class=\"kt-blocks-info-box-text\">Socio y fundador<\/p><\/div><\/a><\/div>\n<\/div><\/div>\n\n\n\n<div class=\"wp-block-kadence-column inner-column-2 kadence-column_97eb3f-49\"><div class=\"kt-inside-inner-col\"><style id=\"kt-blocks_4484ad-4a\">#kt-info-box_4484ad-4a .kt-blocks-info-box-link-wrap{border-color:rgba(255, 255, 255, 0);border-radius:20px;background:var(--global-palette9, #ffffff);padding-top:24px;padding-right:24px;padding-bottom:24px;padding-left:24px;border-top-width:5px;border-right-width:5px;border-bottom-width:5px;border-left-width:5px;}#kt-info-box_4484ad-4a .kt-blocks-info-box-link-wrap:hover{border-color:rgba(255, 255, 255, 0);background:var(--global-palette9, #ffffff);}#kt-info-box_4484ad-4a .kt-info-svg-icon, #kt-info-box_4484ad-4a .kt-info-svg-icon-flip, #kt-info-box_4484ad-4a .kt-blocks-info-box-number{font-size:50px;}#kt-info-box_4484ad-4a .kt-blocks-info-box-media{color:#444444;background:#ffffff;border-color:#eeeeee;border-radius:200px;border-top-width:0px;border-right-width:0px;border-bottom-width:0px;border-left-width:0px;padding-top:0px;padding-right:0px;padding-bottom:0px;padding-left:0px;margin-top:0px;margin-right:20px;margin-bottom:0px;margin-left:0px;}#kt-info-box_4484ad-4a .kt-blocks-info-box-media .kadence-info-box-image-intrisic:not(.kb-info-box-image-ratio) img{border-radius:200px;}#kt-info-box_4484ad-4a .kt-blocks-info-box-link-wrap:hover .kt-blocks-info-box-media{color:#444444;background:#ffffff;border-color:#eeeeee;}#kt-info-box_4484ad-4a .kt-blocks-info-box-title{color:var(--global-palette5, #4A5568);font-family:Montserrat;font-style:normal;font-weight:700;padding-top:0px;padding-right:0px;padding-bottom:0px;padding-left:0px;margin-top:5px;margin-right:0px;margin-bottom:10px;margin-left:0px;}#kt-info-box_4484ad-4a .kt-blocks-info-box-link-wrap:hover .kt-blocks-info-box-title{color:var(--global-palette5, #4A5568);}#kt-info-box_4484ad-4a .kt-blocks-info-box-text{color:var(--global-palette6, #718096);font-size:16px;font-family:'Open Sans';font-style:normal;font-weight:400;}#kt-info-box_4484ad-4a .kt-blocks-info-box-link-wrap:hover .kt-blocks-info-box-text{color:var(--global-palette6, #718096);}#kt-info-box_4484ad-4a .kt-blocks-info-box-link-wrap{box-shadow:0px 0px 30px 0px rgba(0, 0, 0, 0.05);}#kt-info-box_4484ad-4a .kt-blocks-info-box-link-wrap:hover{box-shadow:0px 0px 30px 0px rgba(0, 0, 0, 0.11);}<\/style>\n<div id=\"kt-info-box_4484ad-4a\" class=\"wp-block-kadence-infobox\"><a class=\"kt-blocks-info-box-link-wrap info-box-link kt-blocks-info-box-media-align-left kt-info-halign-left\"><div class=\"kt-infobox-textcontent\"><h2 class=\"kt-blocks-info-box-title\">Cdor. Leonardo Gomez Nieto<\/h2><p class=\"kt-blocks-info-box-text\">Socio<\/p><\/div><\/a><\/div>\n<\/div><\/div>\n<\/div><\/div><\/div>\n\n\n\n<p><\/p>\n<\/div><\/div>\n<\/div><div class=\"kt-row-layout-bottom-sep kt-row-sep-type-mtns\"><svg style=\"fill:var(--global-palette9)\" viewbox=\"0 0 1000 100\" preserveaspectratio=\"none\"><path d=\"M1000,50l-182.69,-45.286l-292.031,61.197l-190.875,-41.075l-143.748,28.794l-190.656,-23.63l0,70l1000,0l0,-50Z\" style=\"opacity:0.4\"><\/path><path d=\"M1000,57l-152.781,-22.589l-214.383,19.81l-159.318,-21.471l-177.44,25.875l-192.722,5.627l-103.356,-27.275l0,63.023l1000,0l0,-43Z\"><\/path><\/svg><\/div><\/div><\/div>\n\n\n<style id=\"kt-blocks_cd188c-15\">#kt-layout-id_cd188c-15 > .kt-row-column-wrap{padding-top:60px;padding-bottom:80px;padding-left:25px;padding-right:25px;max-width:1000px;margin-left:auto;margin-right:auto;}<\/style>\n<div class=\"wp-block-kadence-rowlayout alignnone\"><div id=\"kt-layout-id_cd188c-15\" class=\"kt-row-layout-inner kt-row-has-bg kt-layout-id_cd188c-15 has-theme-palette-9-background-color\"><div class=\"kt-row-column-wrap kt-has-1-columns kt-gutter-default kt-v-gutter-default kt-row-valign-top kt-row-layout-equal kt-tab-layout-inherit kt-m-colapse-left-to-right kt-mobile-layout-row\">\n<div class=\"wp-block-kadence-column inner-column-1 kadence-column_38156b-43\"><div class=\"kt-inside-inner-col\"><style id=\"kt-blocks_50d734-6f\">#kt-adv-heading_50d734-6f, #kt-adv-heading_50d734-6f .wp-block-kadence-advancedheading, .wp-block-kadence-advancedheading.kt-adv-heading_50d734-6f[data-kb-block=\"kb-adv-heading_50d734-6f\"], .kadence-advanced-heading-wrapper .kt-adv-heading_50d734-6f[data-kb-block=\"kb-adv-heading_50d734-6f\"]{font-size:36px;font-weight:700;font-family:Montserrat;}#kt-adv-heading_50d734-6f mark, #kt-adv-heading_50d734-6f .wp-block-kadence-advancedheading mark, .kt-adv-heading_50d734-6f[data-kb-block=\"kb-adv-heading_50d734-6f\"] mark{color:#1f8efa;padding:0px 0px 0px 0px;}<\/style>\n<h2 class=\"kt-adv-heading_50d734-6f wp-block-kadence-advancedheading\" data-kb-block=\"kb-adv-heading_50d734-6f\">Nuestros valores<\/h2>\n\n\n<style id=\"kt-blocks_75671b-47\">#kt-layout-id_75671b-47{margin-top:10px;margin-bottom:40px;}#kt-layout-id_75671b-47 > .kt-row-column-wrap{padding-top:0px;padding-bottom:0px;padding-left:0px;padding-right:0px;}<\/style>\n<div class=\"wp-block-kadence-rowlayout alignnone\"><div id=\"kt-layout-id_75671b-47\" class=\"kt-row-layout-inner kt-layout-id_75671b-47\"><div class=\"kt-row-column-wrap kt-has-2-columns kt-gutter-wide kt-v-gutter-default kt-row-valign-top kt-row-layout-equal kt-tab-layout-inherit kt-m-colapse-left-to-right kt-mobile-layout-row\"><style id=\"kt-blocks_e4f564-14\">.kt-row-layout-inner > .kt-row-column-wrap > .kadence-column_e4f564-14 > .kt-inside-inner-col{padding-top:60px;padding-bottom:30px;padding-left:30px;padding-right:30px;border-top-width:0px;border-right-width:0px;border-bottom-width:0px;border-left-width:0px;border-top-left-radius:10px;border-top-right-radius:10px;border-bottom-right-radius:10px;border-bottom-left-radius:10px;}.kt-row-layout-inner > .kt-row-column-wrap > .kadence-column_e4f564-14 > .kt-inside-inner-col{background-color:var(--global-palette8, #F7FAFC);}<\/style>\n<div class=\"wp-block-kadence-column inner-column-1 kadence-column_e4f564-14\"><div class=\"kt-inside-inner-col\" style=\"background:var(--global-palette8)\"><style id=\"kt-blocks_790265-f4\">#kt-adv-heading_790265-f4, #kt-adv-heading_790265-f4 .wp-block-kadence-advancedheading, .wp-block-kadence-advancedheading.kt-adv-heading_790265-f4[data-kb-block=\"kb-adv-heading_790265-f4\"], .kadence-advanced-heading-wrapper .kt-adv-heading_790265-f4[data-kb-block=\"kb-adv-heading_790265-f4\"]{font-size:22px;line-height:38px;font-weight:400;font-family:'Open Sans';}#kt-adv-heading_790265-f4 mark, #kt-adv-heading_790265-f4 .wp-block-kadence-advancedheading mark, .kt-adv-heading_790265-f4[data-kb-block=\"kb-adv-heading_790265-f4\"] mark{font-size:40px;font-family:Montserrat;font-weight:700;color:var(--global-palette2, #2B6CB0);border-color:var(--global-palette2, #2B6CB0);border-width:4px;padding:4px 16px 4px 16px;}<\/style>\n<h2 class=\"kt-adv-heading_790265-f4 wp-block-kadence-advancedheading has-theme-palette-4-color\" data-kb-block=\"kb-adv-heading_790265-f4\"><mark class=\"kt-highlight\">1.<\/mark> Compromiso y seriedad con el respaldo de m\u00e1s de 40 a\u00f1os de actividad profesional.<\/h2>\n<\/div><\/div>\n\n\n<style id=\"kt-blocks_d99e0a-00\">.kt-row-layout-inner > .kt-row-column-wrap > .kadence-column_d99e0a-00 > .kt-inside-inner-col{padding-top:60px;padding-bottom:30px;padding-left:30px;padding-right:30px;border-top-width:0px;border-right-width:0px;border-bottom-width:0px;border-left-width:0px;border-top-left-radius:10px;border-top-right-radius:10px;border-bottom-right-radius:10px;border-bottom-left-radius:10px;}.kt-row-layout-inner > .kt-row-column-wrap > .kadence-column_d99e0a-00 > .kt-inside-inner-col{background-color:var(--global-palette8, #F7FAFC);}<\/style>\n<div class=\"wp-block-kadence-column inner-column-2 kadence-column_d99e0a-00\"><div class=\"kt-inside-inner-col\" style=\"background:var(--global-palette8)\"><style id=\"kt-blocks_ab1851-5b\">#kt-adv-heading_ab1851-5b, #kt-adv-heading_ab1851-5b .wp-block-kadence-advancedheading, .wp-block-kadence-advancedheading.kt-adv-heading_ab1851-5b[data-kb-block=\"kb-adv-heading_ab1851-5b\"], .kadence-advanced-heading-wrapper .kt-adv-heading_ab1851-5b[data-kb-block=\"kb-adv-heading_ab1851-5b\"]{font-size:22px;line-height:38px;font-weight:400;font-family:'Open Sans';}#kt-adv-heading_ab1851-5b mark, #kt-adv-heading_ab1851-5b .wp-block-kadence-advancedheading mark, .kt-adv-heading_ab1851-5b[data-kb-block=\"kb-adv-heading_ab1851-5b\"] mark{font-size:40px;font-family:Montserrat;font-weight:700;color:var(--global-palette1, #3182CE);border-color:var(--global-palette1, #3182CE);border-width:4px;padding:6px 12px 6px 12px;}<\/style>\n<h2 class=\"kt-adv-heading_ab1851-5b wp-block-kadence-advancedheading has-theme-palette-4-color\" data-kb-block=\"kb-adv-heading_ab1851-5b\"><mark class=\"kt-highlight\">2.<\/mark> Optimizar resultados sin costos fijos para las empresas.<\/h2>\n<\/div><\/div>\n<\/div><\/div><\/div>\n\n\n<style id=\"kt-blocks_d955ad-0a\">#kt-layout-id_d955ad-0a > .kt-row-column-wrap{padding-top:0px;padding-bottom:0px;padding-left:0px;padding-right:0px;}<\/style>\n<div class=\"wp-block-kadence-rowlayout alignnone\"><div id=\"kt-layout-id_d955ad-0a\" class=\"kt-row-layout-inner kt-layout-id_d955ad-0a\"><div class=\"kt-row-column-wrap kt-has-2-columns kt-gutter-wide kt-v-gutter-default kt-row-valign-top kt-row-layout-equal kt-tab-layout-inherit kt-m-colapse-left-to-right kt-mobile-layout-row\"><style id=\"kt-blocks_665508-20\">.kt-row-layout-inner > .kt-row-column-wrap > .kadence-column_665508-20 > .kt-inside-inner-col{padding-top:60px;padding-bottom:30px;padding-left:30px;padding-right:30px;border-top-width:0px;border-right-width:0px;border-bottom-width:0px;border-left-width:0px;border-top-left-radius:10px;border-top-right-radius:10px;border-bottom-right-radius:10px;border-bottom-left-radius:10px;}.kt-row-layout-inner > .kt-row-column-wrap > .kadence-column_665508-20 > .kt-inside-inner-col{background-color:var(--global-palette8, #F7FAFC);}<\/style>\n<div class=\"wp-block-kadence-column inner-column-1 kadence-column_665508-20\"><div class=\"kt-inside-inner-col\" style=\"background:var(--global-palette8)\"><style id=\"kt-blocks_cc3898-b2\">#kt-adv-heading_cc3898-b2, #kt-adv-heading_cc3898-b2 .wp-block-kadence-advancedheading, .wp-block-kadence-advancedheading.kt-adv-heading_cc3898-b2[data-kb-block=\"kb-adv-heading_cc3898-b2\"], .kadence-advanced-heading-wrapper .kt-adv-heading_cc3898-b2[data-kb-block=\"kb-adv-heading_cc3898-b2\"]{font-size:22px;line-height:38px;font-weight:400;font-family:'Open Sans';}#kt-adv-heading_cc3898-b2 mark, #kt-adv-heading_cc3898-b2 .wp-block-kadence-advancedheading mark, .kt-adv-heading_cc3898-b2[data-kb-block=\"kb-adv-heading_cc3898-b2\"] mark{font-size:40px;font-family:Montserrat;font-weight:700;color:var(--global-palette1, #3182CE);border-color:var(--global-palette1, #3182CE);border-width:4px;padding:6px 12px 6px 12px;}<\/style>\n<h2 class=\"kt-adv-heading_cc3898-b2 wp-block-kadence-advancedheading has-theme-palette-4-color\" data-kb-block=\"kb-adv-heading_cc3898-b2\"><mark class=\"kt-highlight\">3.<\/mark> Brindar soluciones de valor para las empresas constructoras.<\/h2>\n<\/div><\/div>\n\n\n<style id=\"kt-blocks_58912d-41\">.kt-row-layout-inner > .kt-row-column-wrap > .kadence-column_58912d-41 > .kt-inside-inner-col{padding-top:60px;padding-bottom:30px;padding-left:30px;padding-right:30px;border-top-width:0px;border-right-width:0px;border-bottom-width:0px;border-left-width:0px;border-top-left-radius:10px;border-top-right-radius:10px;border-bottom-right-radius:10px;border-bottom-left-radius:10px;}.kt-row-layout-inner > .kt-row-column-wrap > .kadence-column_58912d-41 > .kt-inside-inner-col{background-color:var(--global-palette8, #F7FAFC);}<\/style>\n<div class=\"wp-block-kadence-column inner-column-2 kadence-column_58912d-41\"><div class=\"kt-inside-inner-col\" style=\"background:var(--global-palette8)\"><style id=\"kt-blocks_302c54-21\">#kt-adv-heading_302c54-21, #kt-adv-heading_302c54-21 .wp-block-kadence-advancedheading, .wp-block-kadence-advancedheading.kt-adv-heading_302c54-21[data-kb-block=\"kb-adv-heading_302c54-21\"], .kadence-advanced-heading-wrapper .kt-adv-heading_302c54-21[data-kb-block=\"kb-adv-heading_302c54-21\"]{font-size:22px;line-height:38px;font-weight:400;font-family:'Open Sans';}#kt-adv-heading_302c54-21 mark, #kt-adv-heading_302c54-21 .wp-block-kadence-advancedheading mark, .kt-adv-heading_302c54-21[data-kb-block=\"kb-adv-heading_302c54-21\"] mark{font-size:40px;font-family:Montserrat;font-weight:700;color:var(--global-palette2, #2B6CB0);border-color:var(--global-palette2, #2B6CB0);border-width:4px;padding:6px 12px 6px 12px;}<\/style>\n<h2 class=\"kt-adv-heading_302c54-21 wp-block-kadence-advancedheading has-theme-palette-4-color\" data-kb-block=\"kb-adv-heading_302c54-21\"><mark class=\"kt-highlight\">4.<\/mark> Innovaci\u00f3n constante.<\/h2>\n<\/div><\/div>\n<\/div><\/div><\/div>\n<\/div><\/div>\n<\/div><\/div><\/div>\n","protected":false},"excerpt":{"rendered":"<p>Quienes somos Un equipo con m\u00e1s de 40 a\u00f1os de experiencia Gomez Nieto Consultores Asociados es un Equipo de Trabajo que ha participado del negocio de la Obra P\u00fablica tanto desde el \u00e1mbito p\u00fablico como desde el privado, habiendo intervenido en calidad de funcionarios en el \u00e1rea Contrataciones en entidades estatales, como Consultores en Empresas&#8230;<\/p>\n","protected":false},"author":1,"featured_media":0,"parent":0,"menu_order":0,"comment_status":"closed","ping_status":"closed","template":"","meta":{"_kad_blocks_custom_css":"","_kad_blocks_head_custom_js":"","_kad_blocks_body_custom_js":"","_kad_blocks_footer_custom_js":"","kt_blocks_editor_width":"","_kad_post_transparent":"","_kad_post_title":"hide","_kad_post_layout":"fullwidth","_kad_post_sidebar_id":"","_kad_post_content_style":"","_kad_post_vertical_padding":"","_kad_post_feature":"","_kad_post_feature_position":"","_kad_post_header":false,"_kad_post_footer":false},"featured_image_src_large":false,"author_info":{"display_name":"leonardo","author_link":"https:\/\/www.estudiogomeznieto.com.ar\/site\/author\/leonardo\/"},"comment_info":0,"taxonomy_info":[],"_links":{"self":[{"href":"https:\/\/www.estudiogomeznieto.com.ar\/site\/wp-json\/wp\/v2\/pages\/259"}],"collection":[{"href":"https:\/\/www.estudiogomeznieto.com.ar\/site\/wp-json\/wp\/v2\/pages"}],"about":[{"href":"https:\/\/www.estudiogomeznieto.com.ar\/site\/wp-json\/wp\/v2\/types\/page"}],"author":[{"embeddable":true,"href":"https:\/\/www.estudiogomeznieto.com.ar\/site\/wp-json\/wp\/v2\/users\/1"}],"replies":[{"embeddable":true,"href":"https:\/\/www.estudiogomeznieto.com.ar\/site\/wp-json\/wp\/v2\/comments?post=259"}],"version-history":[{"count":11,"href":"https:\/\/www.estudiogomeznieto.com.ar\/site\/wp-json\/wp\/v2\/pages\/259\/revisions"}],"predecessor-version":[{"id":606,"href":"https:\/\/www.estudiogomeznieto.com.ar\/site\/wp-json\/wp\/v2\/pages\/259\/revisions\/606"}],"wp:attachment":[{"href":"https:\/\/www.estudiogomeznieto.com.ar\/site\/wp-json\/wp\/v2\/media?parent=259"}],"curies":[{"name":"wp","href":"https:\/\/api.w.org\/{rel}","templated":true}]}}