{"id":486,"date":"2020-05-04T18:59:33","date_gmt":"2020-05-04T18:59:33","guid":{"rendered":"https:\/\/demos.kadencewp.com\/blocks-saas\/?page_id=6"},"modified":"2020-09-10T10:53:39","modified_gmt":"2020-09-10T13:53:39","slug":"home","status":"publish","type":"page","link":"https:\/\/www.estudiogomeznieto.com.ar\/site\/","title":{"rendered":"Home"},"content":{"rendered":"<style id=\"kt-blocks_a31b6b-54\">#kt-layout-id_a31b6b-54 .kt-row-layout-bottom-sep{height:120px;}#kt-layout-id_a31b6b-54 > .kt-row-column-wrap{padding-top:0px;padding-bottom:0px;padding-left:0px;padding-right:0px;}#kt-layout-id_a31b6b-54 > .kt-row-layout-overlay{opacity:1;background-image:linear-gradient(90deg, var(--global-palette1, #3182CE) 12%, var(--global-palette2, #2B6CB0) 100%);}<\/style>\n<div class=\"wp-block-kadence-rowlayout alignnone\"><div id=\"kt-layout-id_a31b6b-54\" class=\"kt-row-layout-inner kt-row-has-bg kt-layout-id_a31b6b-54\"><div class=\"kt-row-layout-overlay kt-row-overlay-gradient\"><\/div><div class=\"kt-row-column-wrap kt-has-1-columns kt-gutter-default kt-v-gutter-default kt-row-valign-top kt-row-layout-equal kt-tab-layout-inherit kt-m-colapse-left-to-right kt-mobile-layout-row\">\n<div class=\"wp-block-kadence-column inner-column-1 kadence-column_97bb92-e1\"><div class=\"kt-inside-inner-col\"><style id=\"kt-blocks_15685e-f2\">#kt-layout-id_15685e-f2 > .kt-row-column-wrap.kb-theme-content-width{max-width:1290px;}.kt-layout-id_15685e-f2 > .kb-theme-content-width{padding-left:var(--global-sm-spacing);padding-right:var(--global-sm-spacing);}@media all and (min-width: 768px){#kt-layout-id_15685e-f2 > .kt-row-column-wrap > .inner-column-1{flex:0 1 55%;-webkit-flex:0 1 55%;}#kt-layout-id_15685e-f2 > .kt-row-column-wrap > .inner-column-2{flex:0 1 45%;-webkit-flex:0 1 45%;}}#kt-layout-id_15685e-f2{background-image:url('https:\/\/www.estudiogomeznieto.com.ar\/site\/wp-content\/uploads\/2020\/09\/gn-bg-heroimage.png');background-size:cover;background-position:center center;background-attachment:scroll;background-repeat:no-repeat;}#kt-layout-id_15685e-f2 .kt-row-layout-bottom-sep{height:120px;}#kt-layout-id_15685e-f2 > .kt-row-column-wrap{padding-top:120px;padding-bottom:200px;padding-left:25px;padding-right:25px;}<\/style>\n<div class=\"wp-block-kadence-rowlayout alignnone\"><div id=\"kt-layout-id_15685e-f2\" class=\"kt-row-layout-inner kt-row-has-bg kt-layout-id_15685e-f2\"><div class=\"kt-row-column-wrap kt-has-2-columns kt-gutter-default kt-v-gutter-default kt-row-valign-middle kt-row-layout-equal kt-tab-layout-inherit kt-m-colapse-left-to-right kt-mobile-layout-row  kt-custom-first-width-55  kt-custom-second-width-45 kb-theme-content-width\">\n<div class=\"wp-block-kadence-column inner-column-1 kadence-column_804d1c-b7\"><div class=\"kt-inside-inner-col\"><style id=\"kt-blocks_29fa4b-b6\">#kt-adv-heading_29fa4b-b6, #kt-adv-heading_29fa4b-b6 .wp-block-kadence-advancedheading, .wp-block-kadence-advancedheading.kt-adv-heading_29fa4b-b6[data-kb-block=\"kb-adv-heading_29fa4b-b6\"], .kadence-advanced-heading-wrapper .kt-adv-heading_29fa4b-b6[data-kb-block=\"kb-adv-heading_29fa4b-b6\"]{font-size:48px;line-height:55px;font-weight:700;font-family:Montserrat;color:#ffffff;text-shadow:1px 1px 1px rgba(0, 0, 0, 0.2);margin-bottom:5px;}@media all and (max-width: 767px){#kt-adv-heading_29fa4b-b6, #kt-adv-heading_29fa4b-b6 .wp-block-kadence-advancedheading, .wp-block-kadence-advancedheading.kt-adv-heading_29fa4b-b6[data-kb-block=\"kb-adv-heading_29fa4b-b6\"], .kadence-advanced-heading-wrapper .kt-adv-heading_29fa4b-b6[data-kb-block=\"kb-adv-heading_29fa4b-b6\"]{font-size:40px;}}<\/style>\n<h1 id=\"kt-adv-heading_29fa4b-b6\" class=\"kt-adv-heading_29fa4b-b6 wp-block-kadence-advancedheading\" style=\"color:#ffffff;margin-bottom:5px;text-shadow:1px 1px 1px rgba(0, 0, 0, 0.2)\">Acompa\u00f1ando el crecimiento de las empresas constructoras<\/h1>\n\n\n<style id=\"kt-blocks_e78584-05\">#kt-adv-heading_e78584-05, #kt-adv-heading_e78584-05 .wp-block-kadence-advancedheading, .wp-block-kadence-advancedheading.kt-adv-heading_e78584-05[data-kb-block=\"kb-adv-heading_e78584-05\"], .kadence-advanced-heading-wrapper .kt-adv-heading_e78584-05[data-kb-block=\"kb-adv-heading_e78584-05\"]{font-size:20px;font-weight:400;font-family:'Open Sans';color:#f7fafc;text-shadow:1px 1px 1px rgba(0, 0, 0, 0.2);margin-top:1em;margin-bottom:1.5em;}<\/style>\n<h3 id=\"kt-adv-heading_e78584-05\" class=\"kt-adv-heading_e78584-05 wp-block-kadence-advancedheading\" style=\"color:#f7fafc;margin-top:1em;margin-bottom:1.5em;text-shadow:1px 1px 1px rgba(0, 0, 0, 0.2)\">Desde 1981 brindamos soluciones y servicios para la comercializaci\u00f3n de las empresas constructoras de obras p\u00fablicas en la Argentina<\/h3>\n\n\n\n<p><\/p>\n<\/div><\/div>\n\n\n\n<div class=\"wp-block-kadence-column inner-column-2 kadence-column_f058e4-ad\"><div class=\"kt-inside-inner-col\">\n<div class=\"wp-block-group\"><div class=\"wp-block-group__inner-container\">\n<figure class=\"wp-block-gallery columns-2 is-cropped\"><ul class=\"blocks-gallery-grid\"><li class=\"blocks-gallery-item\"><figure><img src=\"https:\/\/www.estudiogomeznieto.com.ar\/site\/wp-content\/uploads\/2020\/09\/screen-op.jpg\" alt=\"\" data-id=\"514\" data-full-url=\"https:\/\/www.estudiogomeznieto.com.ar\/site\/wp-content\/uploads\/2020\/09\/screen-op.jpg\" data-link=\"https:\/\/www.estudiogomeznieto.com.ar\/site\/home\/screen-op\/\" class=\"wp-image-514\"\/><\/figure><\/li><li class=\"blocks-gallery-item\"><figure><img src=\"https:\/\/www.estudiogomeznieto.com.ar\/site\/wp-content\/uploads\/2020\/09\/screen-construar.jpg\" alt=\"\" data-id=\"515\" data-full-url=\"https:\/\/www.estudiogomeznieto.com.ar\/site\/wp-content\/uploads\/2020\/09\/screen-construar.jpg\" data-link=\"https:\/\/www.estudiogomeznieto.com.ar\/site\/home\/screen-construar\/\" class=\"wp-image-515\"\/><\/figure><\/li><\/ul><\/figure>\n\n\n\n<p><\/p>\n<\/div><\/div>\n<\/div><\/div>\n<\/div><div class=\"kt-row-layout-bottom-sep kt-row-sep-type-mtns\"><svg style=\"fill:var(--global-palette9)\" viewbox=\"0 0 1000 100\" preserveaspectratio=\"none\"><path d=\"M1000,50l-182.69,-45.286l-292.031,61.197l-190.875,-41.075l-143.748,28.794l-190.656,-23.63l0,70l1000,0l0,-50Z\" style=\"opacity:0.4\"><\/path><path d=\"M1000,57l-152.781,-22.589l-214.383,19.81l-159.318,-21.471l-177.44,25.875l-192.722,5.627l-103.356,-27.275l0,63.023l1000,0l0,-43Z\"><\/path><\/svg><\/div><\/div><\/div>\n<\/div><\/div>\n<\/div><\/div><\/div>\n\n\n<style id=\"kt-blocks_d87f46-ea\">#kt-layout-id_d87f46-ea > .kt-row-column-wrap{padding-top:80px;padding-bottom:80px;padding-left:25px;padding-right:25px;max-width:1400px;margin-left:auto;margin-right:auto;}<\/style>\n<div class=\"wp-block-kadence-rowlayout alignnone\"><div id=\"kt-layout-id_d87f46-ea\" class=\"kt-row-layout-inner kt-layout-id_d87f46-ea\"><div class=\"kt-row-column-wrap kt-has-1-columns kt-gutter-default kt-v-gutter-default kt-row-valign-top kt-row-layout-equal kt-tab-layout-inherit kt-m-colapse-left-to-right kt-mobile-layout-row\">\n<div class=\"wp-block-kadence-column inner-column-1 kadence-column_cdec17-35\"><div class=\"kt-inside-inner-col\"><style id=\"kt-blocks_0e4ce9-49\">#kt-layout-id_0e4ce9-49 > .kt-row-column-wrap{padding-top:24px;padding-bottom:40px;min-height:450px;}<\/style>\n<div class=\"wp-block-kadence-rowlayout alignnone\"><div id=\"kt-layout-id_0e4ce9-49\" class=\"kt-row-layout-inner kt-layout-id_0e4ce9-49\"><div class=\"kt-row-column-wrap kt-has-2-columns kt-gutter-wider kt-v-gutter-default kt-row-valign-middle kt-row-layout-equal kt-tab-layout-inherit kt-m-colapse-left-to-right kt-mobile-layout-row\">\n<div class=\"wp-block-kadence-column inner-column-1 kadence-column_1b8b61-0b\"><div class=\"kt-inside-inner-col\">\n<figure class=\"wp-block-image size-large is-style-default\"><img src=\"https:\/\/www.estudiogomeznieto.com.ar\/site\/wp-content\/uploads\/2020\/09\/screen-op.jpg\" alt=\"\" class=\"wp-image-514\"\/><\/figure>\n<\/div><\/div>\n\n\n<style id=\"kt-blocks_b6bde8-63\">.kt-row-layout-inner > .kt-row-column-wrap > .kadence-column_b6bde8-63 > .kt-inside-inner-col{padding-top:0px;padding-bottom:0px;padding-left:50px;padding-right:30px;}@media all and (max-width: 1024px){.kt-row-layout-inner > .kt-row-column-wrap > .kadence-column_b6bde8-63 > .kt-inside-inner-col{padding-top:0px;padding-bottom:0px;padding-left:0px;padding-right:30px;}}@media all and (max-width: 767px){.kt-row-layout-inner > .kt-row-column-wrap > .kadence-column_b6bde8-63 > .kt-inside-inner-col{padding-top:0px;padding-bottom:0px;padding-left:10px;padding-right:10px;}}<\/style>\n<div class=\"wp-block-kadence-column inner-column-2 kadence-column_b6bde8-63\"><div class=\"kt-inside-inner-col\"><style id=\"kt-blocks_48b3f4-b9\">#kt-adv-heading_48b3f4-b9, #kt-adv-heading_48b3f4-b9 .wp-block-kadence-advancedheading, .wp-block-kadence-advancedheading.kt-adv-heading_48b3f4-b9[data-kb-block=\"kb-adv-heading_48b3f4-b9\"], .kadence-advanced-heading-wrapper .kt-adv-heading_48b3f4-b9[data-kb-block=\"kb-adv-heading_48b3f4-b9\"]{text-align:left;font-size:30px;}<\/style>\n<h2 id=\"kt-adv-heading_48b3f4-b9\" class=\"kt-adv-heading_48b3f4-b9 wp-block-kadence-advancedheading\" style=\"text-align:left\">ObraPublica.com<\/h2>\n\n\n\n<p style=\"font-size:20px\">L\u00edder en informaci\u00f3n de licitaciones de obras p\u00fablicas y referente en el sector a la hora de conocer las oportunidades de negocios con el Estado.<br>M\u00e1s de 20 a\u00f1os de crecimiento constante junto a las empresas constructoras.<\/p>\n\n\n<style id=\"kt-blocks_cc7cd6-cc\">.kt-btns_cc7cd6-cc .kt-btn-wrap-0{margin-right:0px;}.rtl .kt-btns_cc7cd6-cc .kt-btn-wrap-0{margin-left:0px;margin-right:0px;}.wp-block-kadence-advancedbtn.kt-btns_cc7cd6-cc .kt-btn-wrap-0 .kt-button{color:#ffffff;background:var(--global-palette1, #3182CE);border-color:rgba(255, 255, 255, 0);box-shadow:1px 1px 2px 0px rgba(0, 0, 0, 0);}.wp-block-kadence-advancedbtn.kt-btns_cc7cd6-cc .kt-btn-wrap-0 .kt-button:hover, .wp-block-kadence-advancedbtn.kt-btns_cc7cd6-cc .kt-btn-wrap-0 .kt-button:focus{color:#ffffff;border-color:rgba(255, 255, 255, 0);box-shadow:0px 1px 10px -2px rgba(0, 0, 0, 0.46);}.wp-block-kadence-advancedbtn.kt-btns_cc7cd6-cc .kt-btn-wrap-0 .kt-button::before{display:none;}.wp-block-kadence-advancedbtn.kt-btns_cc7cd6-cc .kt-btn-wrap-0 .kt-button:hover, .wp-block-kadence-advancedbtn.kt-btns_cc7cd6-cc .kt-btn-wrap-0 .kt-button:focus{background:var(--global-palette2, #2B6CB0);}<\/style>\n<div class=\"wp-block-kadence-advancedbtn kt-btn-align-left kt-btn-tablet-align-inherit kt-btn-mobile-align-inherit kt-btns-wrap kt-btns_cc7cd6-cc\"><div class=\"kt-btn-wrap kt-btn-wrap-0\"><a class=\"kt-button button kt-btn-0-action kt-btn-size-standard kt-btn-style-basic kt-btn-svg-show-always kt-btn-has-text-true kt-btn-has-svg-true\" href=\"http:\/\/www.obrapublica.com\/\" style=\"border-radius:50px;border-width:0px\"><span class=\"kt-btn-inner-text\">Visitar <\/span><div style=\"display:inline-flex;justify-content:center;align-items:center\" class=\"kt-btn-svg-icon kt-btn-svg-icon-fe_arrowRight kt-btn-side-right\"><svg style=\"display:inline-block;vertical-align:middle\" viewbox=\"0 0 24 24\" height=\"14\" width=\"14\" fill=\"none\" stroke=\"currentColor\" xmlns=\"http:\/\/www.w3.org\/2000\/svg\" stroke-width=\"2\" stroke-linecap=\"round\" stroke-linejoin=\"round\"><line x1=\"5\" y1=\"12\" x2=\"19\" y2=\"12\"><\/line><polyline points=\"12 5 19 12 12 19\"><\/polyline><\/svg><\/div><\/a><\/div><\/div>\n<\/div><\/div>\n<\/div><\/div><\/div>\n\n\n<style id=\"kt-blocks_2fc2e8-e9\">#kt-layout-id_2fc2e8-e9 > .kt-row-column-wrap{padding-top:40px;padding-bottom:40px;min-height:450px;}<\/style>\n<div class=\"wp-block-kadence-rowlayout alignnone\"><div id=\"kt-layout-id_2fc2e8-e9\" class=\"kt-row-layout-inner kt-layout-id_2fc2e8-e9\"><div class=\"kt-row-column-wrap kt-has-2-columns kt-gutter-wider kt-v-gutter-default kt-row-valign-middle kt-row-layout-equal kt-tab-layout-inherit kt-m-colapse-right-to-left kt-mobile-layout-row\"><style id=\"kt-blocks_0f105f-66\">.kt-row-layout-inner > .kt-row-column-wrap > .kadence-column_0f105f-66 > .kt-inside-inner-col{padding-top:0px;padding-bottom:0px;padding-left:30px;padding-right:50px;}@media all and (max-width: 1024px){.kt-row-layout-inner > .kt-row-column-wrap > .kadence-column_0f105f-66 > .kt-inside-inner-col{padding-top:0px;padding-bottom:0px;padding-left:30px;padding-right:0px;}}@media all and (max-width: 767px){.kt-row-layout-inner > .kt-row-column-wrap > .kadence-column_0f105f-66 > .kt-inside-inner-col{padding-top:0px;padding-bottom:0px;padding-left:10px;padding-right:10px;}}<\/style>\n<div class=\"wp-block-kadence-column inner-column-1 kadence-column_0f105f-66\"><div class=\"kt-inside-inner-col\"><style id=\"kt-blocks_dd2583-34\">#kt-adv-heading_dd2583-34, #kt-adv-heading_dd2583-34 .wp-block-kadence-advancedheading, .wp-block-kadence-advancedheading.kt-adv-heading_dd2583-34[data-kb-block=\"kb-adv-heading_dd2583-34\"], .kadence-advanced-heading-wrapper .kt-adv-heading_dd2583-34[data-kb-block=\"kb-adv-heading_dd2583-34\"]{text-align:left;font-size:30px;}<\/style>\n<h2 id=\"kt-adv-heading_dd2583-34\" class=\"kt-adv-heading_dd2583-34 wp-block-kadence-advancedheading\" style=\"text-align:left\">Construar<\/h2>\n\n\n\n<p style=\"font-size:20px\">Portal de noticias de la industria de la construcci\u00f3n. Conozca las novedades m\u00e1s importantes y en qu\u00e9 est\u00e1n trabajando las principales empresas del sector.<\/p>\n\n\n<style id=\"kt-blocks_7bcc0f-80\">.kt-btns_7bcc0f-80 .kt-btn-wrap-0{margin-right:0px;}.rtl .kt-btns_7bcc0f-80 .kt-btn-wrap-0{margin-left:0px;margin-right:0px;}.wp-block-kadence-advancedbtn.kt-btns_7bcc0f-80 .kt-btn-wrap-0 .kt-button{color:#ffffff;background:var(--global-palette1, #3182CE);border-color:rgba(255, 255, 255, 0);box-shadow:1px 1px 2px 0px rgba(0, 0, 0, 0);}.wp-block-kadence-advancedbtn.kt-btns_7bcc0f-80 .kt-btn-wrap-0 .kt-button:hover, .wp-block-kadence-advancedbtn.kt-btns_7bcc0f-80 .kt-btn-wrap-0 .kt-button:focus{color:#ffffff;border-color:rgba(255, 255, 255, 0);box-shadow:0px 1px 10px -2px rgba(0, 0, 0, 0.46);}.wp-block-kadence-advancedbtn.kt-btns_7bcc0f-80 .kt-btn-wrap-0 .kt-button::before{display:none;}.wp-block-kadence-advancedbtn.kt-btns_7bcc0f-80 .kt-btn-wrap-0 .kt-button:hover, .wp-block-kadence-advancedbtn.kt-btns_7bcc0f-80 .kt-btn-wrap-0 .kt-button:focus{background:var(--global-palette2, #2B6CB0);}<\/style>\n<div class=\"wp-block-kadence-advancedbtn kt-btn-align-left kt-btn-tablet-align-inherit kt-btn-mobile-align-inherit kt-btns-wrap kt-btns_7bcc0f-80\"><div class=\"kt-btn-wrap kt-btn-wrap-0\"><a class=\"kt-button button kt-btn-0-action kt-btn-size-standard kt-btn-style-basic kt-btn-svg-show-always kt-btn-has-text-true kt-btn-has-svg-true\" href=\"http:\/\/www.construar.com.ar\/\" style=\"border-radius:50px;border-width:0px\"><span class=\"kt-btn-inner-text\">Visitar<\/span><div style=\"display:inline-flex;justify-content:center;align-items:center\" class=\"kt-btn-svg-icon kt-btn-svg-icon-fe_arrowRight kt-btn-side-right\"><svg style=\"display:inline-block;vertical-align:middle\" viewbox=\"0 0 24 24\" height=\"14\" width=\"14\" fill=\"none\" stroke=\"currentColor\" xmlns=\"http:\/\/www.w3.org\/2000\/svg\" stroke-width=\"2\" stroke-linecap=\"round\" stroke-linejoin=\"round\"><line x1=\"5\" y1=\"12\" x2=\"19\" y2=\"12\"><\/line><polyline points=\"12 5 19 12 12 19\"><\/polyline><\/svg><\/div><\/a><\/div><\/div>\n<\/div><\/div>\n\n\n\n<div class=\"wp-block-kadence-column inner-column-2 kadence-column_35c4c9-ff\"><div class=\"kt-inside-inner-col\">\n<figure class=\"wp-block-image size-large\"><img src=\"https:\/\/www.estudiogomeznieto.com.ar\/site\/wp-content\/uploads\/2020\/09\/screen-construar.jpg\" alt=\"\" class=\"wp-image-515\"\/><\/figure>\n<\/div><\/div>\n<\/div><\/div><\/div>\n\n\n<style id=\"kt-blocks_bec2f7-6b\">#kt-layout-id_bec2f7-6b > .kt-row-column-wrap{padding-top:40px;padding-bottom:40px;min-height:450px;}<\/style>\n<div class=\"wp-block-kadence-rowlayout alignnone\"><div id=\"kt-layout-id_bec2f7-6b\" class=\"kt-row-layout-inner kt-layout-id_bec2f7-6b\"><div class=\"kt-row-column-wrap kt-has-2-columns kt-gutter-wider kt-v-gutter-default kt-row-valign-middle kt-row-layout-equal kt-tab-layout-inherit kt-m-colapse-left-to-right kt-mobile-layout-row\">\n<div class=\"wp-block-kadence-column inner-column-1 kadence-column_cff17c-0d\"><div class=\"kt-inside-inner-col\">\n<figure class=\"wp-block-image size-large\"><img src=\"https:\/\/www.estudiogomeznieto.com.ar\/site\/wp-content\/uploads\/2020\/09\/screen-rdc.jpg\" alt=\"\" class=\"wp-image-516\"\/><\/figure>\n<\/div><\/div>\n\n\n<style id=\"kt-blocks_776ee7-b4\">.kt-row-layout-inner > .kt-row-column-wrap > .kadence-column_776ee7-b4 > .kt-inside-inner-col{padding-top:0px;padding-bottom:0px;padding-left:50px;padding-right:30px;}@media all and (max-width: 1024px){.kt-row-layout-inner > .kt-row-column-wrap > .kadence-column_776ee7-b4 > .kt-inside-inner-col{padding-top:0px;padding-bottom:0px;padding-left:0px;padding-right:30px;}}@media all and (max-width: 767px){.kt-row-layout-inner > .kt-row-column-wrap > .kadence-column_776ee7-b4 > .kt-inside-inner-col{padding-top:0px;padding-bottom:0px;padding-left:10px;padding-right:10px;}}<\/style>\n<div class=\"wp-block-kadence-column inner-column-2 kadence-column_776ee7-b4\"><div class=\"kt-inside-inner-col\"><style id=\"kt-blocks_25d7b2-ab\">#kt-adv-heading_25d7b2-ab, #kt-adv-heading_25d7b2-ab .wp-block-kadence-advancedheading, .wp-block-kadence-advancedheading.kt-adv-heading_25d7b2-ab[data-kb-block=\"kb-adv-heading_25d7b2-ab\"], .kadence-advanced-heading-wrapper .kt-adv-heading_25d7b2-ab[data-kb-block=\"kb-adv-heading_25d7b2-ab\"]{text-align:left;font-size:30px;}<\/style>\n<h2 id=\"kt-adv-heading_25d7b2-ab\" class=\"kt-adv-heading_25d7b2-ab wp-block-kadence-advancedheading\" style=\"text-align:left\">RegistrodeConstructores.com<\/h2>\n\n\n\n<p style=\"font-size:20px\">Servicio profesional de asistencia y asesoramiento para la inscripci\u00f3n y actualizaci\u00f3n en el Registro de Constructores.<\/p>\n\n\n<style id=\"kt-blocks_4760f6-f5\">.kt-btns_4760f6-f5 .kt-btn-wrap-0{margin-right:0px;}.rtl .kt-btns_4760f6-f5 .kt-btn-wrap-0{margin-left:0px;margin-right:0px;}.wp-block-kadence-advancedbtn.kt-btns_4760f6-f5 .kt-btn-wrap-0 .kt-button{color:#ffffff;background:var(--global-palette1, #3182CE);border-color:rgba(255, 255, 255, 0);box-shadow:1px 1px 2px 0px rgba(0, 0, 0, 0);}.wp-block-kadence-advancedbtn.kt-btns_4760f6-f5 .kt-btn-wrap-0 .kt-button:hover, .wp-block-kadence-advancedbtn.kt-btns_4760f6-f5 .kt-btn-wrap-0 .kt-button:focus{color:#ffffff;border-color:rgba(255, 255, 255, 0);box-shadow:0px 1px 10px -2px rgba(0, 0, 0, 0.46);}.wp-block-kadence-advancedbtn.kt-btns_4760f6-f5 .kt-btn-wrap-0 .kt-button::before{display:none;}.wp-block-kadence-advancedbtn.kt-btns_4760f6-f5 .kt-btn-wrap-0 .kt-button:hover, .wp-block-kadence-advancedbtn.kt-btns_4760f6-f5 .kt-btn-wrap-0 .kt-button:focus{background:var(--global-palette2, #2B6CB0);}<\/style>\n<div class=\"wp-block-kadence-advancedbtn kt-btn-align-left kt-btn-tablet-align-inherit kt-btn-mobile-align-inherit kt-btns-wrap kt-btns_4760f6-f5\"><div class=\"kt-btn-wrap kt-btn-wrap-0\"><a class=\"kt-button button kt-btn-0-action kt-btn-size-standard kt-btn-style-basic kt-btn-svg-show-always kt-btn-has-text-true kt-btn-has-svg-true\" href=\"http:\/\/www.registrodeconstructores.com\/\" style=\"border-radius:50px;border-width:0px\"><span class=\"kt-btn-inner-text\">Visitar<\/span><div style=\"display:inline-flex;justify-content:center;align-items:center\" class=\"kt-btn-svg-icon kt-btn-svg-icon-fe_arrowRight kt-btn-side-right\"><svg style=\"display:inline-block;vertical-align:middle\" viewbox=\"0 0 24 24\" height=\"14\" width=\"14\" fill=\"none\" stroke=\"currentColor\" xmlns=\"http:\/\/www.w3.org\/2000\/svg\" stroke-width=\"2\" stroke-linecap=\"round\" stroke-linejoin=\"round\"><line x1=\"5\" y1=\"12\" x2=\"19\" y2=\"12\"><\/line><polyline points=\"12 5 19 12 12 19\"><\/polyline><\/svg><\/div><\/a><\/div><\/div>\n<\/div><\/div>\n<\/div><\/div><\/div>\n<\/div><\/div>\n<\/div><\/div><\/div>\n","protected":false},"excerpt":{"rendered":"<p>Acompa\u00f1ando el crecimiento de las empresas constructoras Desde 1981 brindamos soluciones y servicios para la comercializaci\u00f3n de las empresas constructoras de obras p\u00fablicas en la Argentina ObraPublica.com L\u00edder en informaci\u00f3n de licitaciones de obras p\u00fablicas y referente en el sector a la hora de conocer las oportunidades de negocios con el Estado.M\u00e1s de 20 a\u00f1os&#8230;<\/p>\n","protected":false},"author":1,"featured_media":0,"parent":0,"menu_order":0,"comment_status":"closed","ping_status":"closed","template":"","meta":{"_kad_blocks_custom_css":"","_kad_blocks_head_custom_js":"","_kad_blocks_body_custom_js":"","_kad_blocks_footer_custom_js":"","kt_blocks_editor_width":"","_kad_post_transparent":"enable","_kad_post_title":"hide","_kad_post_layout":"","_kad_post_sidebar_id":"","_kad_post_content_style":"","_kad_post_vertical_padding":"","_kad_post_feature":"","_kad_post_feature_position":"","_kad_post_header":false,"_kad_post_footer":false},"featured_image_src_large":false,"author_info":{"display_name":"leonardo","author_link":"https:\/\/www.estudiogomeznieto.com.ar\/site\/author\/leonardo\/"},"comment_info":0,"taxonomy_info":[],"_links":{"self":[{"href":"https:\/\/www.estudiogomeznieto.com.ar\/site\/wp-json\/wp\/v2\/pages\/486"}],"collection":[{"href":"https:\/\/www.estudiogomeznieto.com.ar\/site\/wp-json\/wp\/v2\/pages"}],"about":[{"href":"https:\/\/www.estudiogomeznieto.com.ar\/site\/wp-json\/wp\/v2\/types\/page"}],"author":[{"embeddable":true,"href":"https:\/\/www.estudiogomeznieto.com.ar\/site\/wp-json\/wp\/v2\/users\/1"}],"replies":[{"embeddable":true,"href":"https:\/\/www.estudiogomeznieto.com.ar\/site\/wp-json\/wp\/v2\/comments?post=486"}],"version-history":[{"count":13,"href":"https:\/\/www.estudiogomeznieto.com.ar\/site\/wp-json\/wp\/v2\/pages\/486\/revisions"}],"predecessor-version":[{"id":573,"href":"https:\/\/www.estudiogomeznieto.com.ar\/site\/wp-json\/wp\/v2\/pages\/486\/revisions\/573"}],"wp:attachment":[{"href":"https:\/\/www.estudiogomeznieto.com.ar\/site\/wp-json\/wp\/v2\/media?parent=486"}],"curies":[{"name":"wp","href":"https:\/\/api.w.org\/{rel}","templated":true}]}}